{"id":117,"date":"2011-08-21T11:12:58","date_gmt":"2011-08-21T11:12:58","guid":{"rendered":"http:\/\/artsaal.ch\/?page_id=117"},"modified":"2020-04-21T01:44:37","modified_gmt":"2020-04-21T01:44:37","slug":"about","status":"publish","type":"page","link":"http:\/\/artsaal.ch\/?page_id=117","title":{"rendered":"\u00fcber"},"content":{"rendered":"<p style=\"text-align: justify;\"><span style=\"font-family: tahoma, arial, helvetica, sans-serif;\"><span style=\"font-family: arial, helvetica, sans-serif;\">Als Musikerin wechsle ich das Spiel der Noten mit dem Spiel der Buchstaben ab, bin fasziniert vom Rhythmus, \u00a0der Dynamik und Improvisation, und immer wieder auf der suche nach dem eigenen &#8220;Klang&#8221;.<\/span><\/span><\/p>\n<p style=\"text-align: justify;\"><span style=\"font-family: arial, helvetica, sans-serif;\">Ende der Achtziger Jahre suchte ich nach M\u00f6glichkeiten, mein Flair f\u00fcrs Gestalterische zu f\u00f6rdern. Ich habe gelernt, die schwierige Br\u00fccke zwischen historisch-klassischen Schriftformen und einem sehr individuellen gestalterischen Ausdruck zu schlagen. Neben den Impulsen und dem Lernen an den verschiedenen Ausbildungsst\u00e4tten, habe ich sehr viel autodidaktisch gearbeitet und experimentiert. Dabei habe ich Techniken ausprobiert und aus Materialien, die anf\u00e4nglich f\u00fcr mich fremd waren, neue Kreationen hervorgebracht. &#8211; Rita Bosshard.<\/span><\/p>\n<p><span style=\"font-family: arial, helvetica, sans-serif;\"><strong><span style=\"text-decoration: underline;\">Ausstellungen:<\/span><\/strong><\/span><\/p>\n<p><span style=\"font-family: arial, helvetica, sans-serif;\">1991 &#8211; Heureka, Z\u00fcrich<\/span><br \/>\n<span style=\"font-family: arial, helvetica, sans-serif;\"> 1992 &#8211; Hotel Hilton, Basel<\/span><br \/>\n<span style=\"font-family: arial, helvetica, sans-serif;\"> 1993 &#8211; Galerie Kollbrunner, Bern<\/span><br \/>\n<span style=\"font-family: arial, helvetica, sans-serif;\"> 1995 &#8211; Sust, Stansstad<\/span><br \/>\n<span style=\"font-family: arial, helvetica, sans-serif;\"> 1998 &#8211; Castello, Ponte Tresa<\/span><br \/>\n<span style=\"font-family: arial, helvetica, sans-serif;\"> 2001 &#8211; Mus\u00e9e des beaux Arts, Le Locle<\/span><br \/>\n<span style=\"font-family: arial, helvetica, sans-serif;\"> 2010 &#8211; Bootshaus, Kastanienbaum<\/span><br \/>\n<span style=\"font-family: arial, helvetica, sans-serif;\"> 2010 &#8211; ARTig, Stans<\/span><br \/>\n<span style=\"font-family: arial, helvetica, sans-serif;\"> 2010 &#8211; Sust, Stansstad<\/span><br \/>\n<span style=\"font-family: tahoma, arial, helvetica, sans-serif;\"><span style=\"font-family: arial, helvetica, sans-serif;\"> 2013 &#8211; Bootshaus, Kastanienbaum<\/span><br \/>\n<span style=\"font-family: arial, helvetica, sans-serif;\">2016 &#8211; Atelier Parterre, Luzern<\/span><br \/>\n<span style=\"font-family: arial, helvetica, sans-serif;\">2019 &#8211; Ermitage, Beckenried<\/span><br \/>\n<\/span><\/p>\n","protected":false},"excerpt":{"rendered":"<p>Als Musikerin wechsle ich das Spiel der Noten mit dem Spiel der Buchstaben ab, bin fasziniert vom Rhythmus, \u00a0der Dynamik und Improvisation, und immer wieder auf der suche nach dem eigenen &#8220;Klang&#8221;. Ende der Achtziger Jahre suchte ich nach M\u00f6glichkeiten, &hellip; <a href=\"http:\/\/artsaal.ch\/?page_id=117\">Continue reading <span class=\"meta-nav\">&rarr;<\/span><\/a><\/p>\n","protected":false},"author":1,"featured_media":0,"parent":0,"menu_order":8,"comment_status":"closed","ping_status":"closed","template":"onecolumn-page.php","meta":[],"_links":{"self":[{"href":"http:\/\/artsaal.ch\/index.php?rest_route=\/wp\/v2\/pages\/117"}],"collection":[{"href":"http:\/\/artsaal.ch\/index.php?rest_route=\/wp\/v2\/pages"}],"about":[{"href":"http:\/\/artsaal.ch\/index.php?rest_route=\/wp\/v2\/types\/page"}],"author":[{"embeddable":true,"href":"http:\/\/artsaal.ch\/index.php?rest_route=\/wp\/v2\/users\/1"}],"replies":[{"embeddable":true,"href":"http:\/\/artsaal.ch\/index.php?rest_route=%2Fwp%2Fv2%2Fcomments&post=117"}],"version-history":[{"count":13,"href":"http:\/\/artsaal.ch\/index.php?rest_route=\/wp\/v2\/pages\/117\/revisions"}],"predecessor-version":[{"id":775,"href":"http:\/\/artsaal.ch\/index.php?rest_route=\/wp\/v2\/pages\/117\/revisions\/775"}],"wp:attachment":[{"href":"http:\/\/artsaal.ch\/index.php?rest_route=%2Fwp%2Fv2%2Fmedia&parent=117"}],"curies":[{"name":"wp","href":"https:\/\/api.w.org\/{rel}","templated":true}]}}